{"id":185,"date":"2026-02-12T13:12:56","date_gmt":"2026-02-12T13:12:56","guid":{"rendered":"https:\/\/allergivenligdyne.dk\/index.php\/product\/product\/"},"modified":"2026-04-11T00:26:59","modified_gmt":"2026-04-11T00:26:59","slug":"helarsdyne-dun-organic-care-ringsted-dun-2","status":"publish","type":"product","link":"https:\/\/allergivenligdyne.dk\/index.php\/product\/helarsdyne-dun-organic-care-ringsted-dun-2\/","title":{"rendered":"Hel\u00e5rsdyne dun Organic Care Ringsted Dun"},"content":{"rendered":"<p>L\u00e6kker dyne fra Ringsted Duns Organic Care linje, der fokuserer p\u00e5 en god nattes\u00f8vn omringet af naturlige materialer og \u00f8kologisk bomuld, der er GOTS certificeret og Svanem\u00e6rket. Den ekstra t\u00e6tte v\u00e6vning af dynens v\u00e5r fungerer som en naturlig barriere mod<\/p>\n","protected":false},"excerpt":{"rendered":"<p>L\u00e6kker dyne fra Ringsted Duns Organic Care linje, der fokuserer p\u00e5 en god nattes\u00f8vn omringet af naturlige materialer og \u00f8kologisk [&hellip;]<\/p>\n","protected":false},"featured_media":187,"comment_status":"open","ping_status":"closed","template":"","meta":{"_editorskit_title_hidden":false,"_editorskit_reading_time":0,"_editorskit_is_block_options_detached":false,"_editorskit_block_options_position":"{}","_eb_attr":"","_uag_custom_page_level_css":"","site-sidebar-layout":"default","site-content-layout":"","ast-site-content-layout":"default","site-content-style":"default","site-sidebar-style":"default","ast-global-header-display":"","ast-banner-title-visibility":"","ast-main-header-display":"","ast-hfb-above-header-display":"","ast-hfb-below-header-display":"","ast-hfb-mobile-header-display":"","site-post-title":"","ast-breadcrumbs-content":"","ast-featured-img":"","footer-sml-layout":"","theme-transparent-header-meta":"","adv-header-id-meta":"","stick-header-meta":"","header-above-stick-meta":"","header-main-stick-meta":"","header-below-stick-meta":"","astra-migrate-meta-layouts":"default","ast-page-background-enabled":"default","ast-page-background-meta":{"desktop":{"background-color":"var(--ast-global-color-5)","background-image":"","background-repeat":"repeat","background-position":"center center","background-size":"auto","background-attachment":"scroll","background-type":"","background-media":"","overlay-type":"","overlay-color":"","overlay-opacity":"","overlay-gradient":""},"tablet":{"background-color":"","background-image":"","background-repeat":"repeat","background-position":"center center","background-size":"auto","background-attachment":"scroll","background-type":"","background-media":"","overlay-type":"","overlay-color":"","overlay-opacity":"","overlay-gradient":""},"mobile":{"background-color":"","background-image":"","background-repeat":"repeat","background-position":"center center","background-size":"auto","background-attachment":"scroll","background-type":"","background-media":"","overlay-type":"","overlay-color":"","overlay-opacity":"","overlay-gradient":""}},"ast-content-background-meta":{"desktop":{"background-color":"var(--ast-global-color-4)","background-image":"","background-repeat":"repeat","background-position":"center center","background-size":"auto","background-attachment":"scroll","background-type":"","background-media":"","overlay-type":"","overlay-color":"","overlay-opacity":"","overlay-gradient":""},"tablet":{"background-color":"var(--ast-global-color-4)","background-image":"","background-repeat":"repeat","background-position":"center center","background-size":"auto","background-attachment":"scroll","background-type":"","background-media":"","overlay-type":"","overlay-color":"","overlay-opacity":"","overlay-gradient":""},"mobile":{"background-color":"var(--ast-global-color-4)","background-image":"","background-repeat":"repeat","background-position":"center center","background-size":"auto","background-attachment":"scroll","background-type":"","background-media":"","overlay-type":"","overlay-color":"","overlay-opacity":"","overlay-gradient":""}}},"product_brand":[],"product_cat":[121],"product_tag":[],"class_list":{"0":"post-185","1":"product","2":"type-product","3":"status-publish","4":"has-post-thumbnail","6":"product_cat-allergivenlige-dyner","7":"desktop-align-left","8":"tablet-align-left","9":"mobile-align-left","11":"first","12":"instock","13":"shipping-taxable","14":"product-type-external"},"yoast_head":"<!-- This site is optimized with the Yoast SEO plugin v25.7 - https:\/\/yoast.com\/wordpress\/plugins\/seo\/ -->\n<title>Hel\u00e5rsdyne dun Organic Care Ringsted Dun -<\/title>\n<meta name=\"robots\" content=\"index, follow, max-snippet:-1, max-image-preview:large, max-video-preview:-1\" \/>\n<link rel=\"canonical\" href=\"https:\/\/allergivenligdyne.dk\/index.php\/product\/helarsdyne-dun-organic-care-ringsted-dun-2\/\" \/>\n<meta property=\"og:locale\" content=\"en_US\" \/>\n<meta property=\"og:type\" content=\"article\" \/>\n<meta property=\"og:title\" content=\"Hel\u00e5rsdyne dun Organic Care Ringsted Dun -\" \/>\n<meta property=\"og:description\" content=\"L\u00e6kker dyne fra Ringsted Duns Organic Care linje, der fokuserer p\u00e5 en god nattes\u00f8vn omringet af naturlige materialer og \u00f8kologisk [&hellip;]\" \/>\n<meta property=\"og:url\" content=\"https:\/\/allergivenligdyne.dk\/index.php\/product\/helarsdyne-dun-organic-care-ringsted-dun-2\/\" \/>\n<meta property=\"article:modified_time\" content=\"2026-04-11T00:26:59+00:00\" \/>\n<meta property=\"og:image\" content=\"https:\/\/allergivenligdyne.dk\/wp-content\/uploads\/2026\/02\/Helarsdyne-dun-Organic-Care-Ringsted-Dun-1.jpg\" \/>\n\t<meta property=\"og:image:width\" content=\"1500\" \/>\n\t<meta property=\"og:image:height\" content=\"1500\" \/>\n\t<meta property=\"og:image:type\" content=\"image\/jpeg\" \/>\n<meta name=\"twitter:card\" content=\"summary_large_image\" \/>\n<script type=\"application\/ld+json\" class=\"yoast-schema-graph\">{\"@context\":\"https:\/\/schema.org\",\"@graph\":[{\"@type\":\"WebPage\",\"@id\":\"https:\/\/allergivenligdyne.dk\/index.php\/product\/helarsdyne-dun-organic-care-ringsted-dun-2\/\",\"url\":\"https:\/\/allergivenligdyne.dk\/index.php\/product\/helarsdyne-dun-organic-care-ringsted-dun-2\/\",\"name\":\"Hel\u00e5rsdyne dun Organic Care Ringsted Dun -\",\"isPartOf\":{\"@id\":\"https:\/\/allergivenligdyne.dk\/#website\"},\"primaryImageOfPage\":{\"@id\":\"https:\/\/allergivenligdyne.dk\/index.php\/product\/helarsdyne-dun-organic-care-ringsted-dun-2\/#primaryimage\"},\"image\":{\"@id\":\"https:\/\/allergivenligdyne.dk\/index.php\/product\/helarsdyne-dun-organic-care-ringsted-dun-2\/#primaryimage\"},\"thumbnailUrl\":\"https:\/\/allergivenligdyne.dk\/wp-content\/uploads\/2026\/02\/Helarsdyne-dun-Organic-Care-Ringsted-Dun-1.jpg\",\"datePublished\":\"2026-02-12T13:12:56+00:00\",\"dateModified\":\"2026-04-11T00:26:59+00:00\",\"breadcrumb\":{\"@id\":\"https:\/\/allergivenligdyne.dk\/index.php\/product\/helarsdyne-dun-organic-care-ringsted-dun-2\/#breadcrumb\"},\"inLanguage\":\"en\",\"potentialAction\":[{\"@type\":\"ReadAction\",\"target\":[\"https:\/\/allergivenligdyne.dk\/index.php\/product\/helarsdyne-dun-organic-care-ringsted-dun-2\/\"]}]},{\"@type\":\"ImageObject\",\"inLanguage\":\"en\",\"@id\":\"https:\/\/allergivenligdyne.dk\/index.php\/product\/helarsdyne-dun-organic-care-ringsted-dun-2\/#primaryimage\",\"url\":\"https:\/\/allergivenligdyne.dk\/wp-content\/uploads\/2026\/02\/Helarsdyne-dun-Organic-Care-Ringsted-Dun-1.jpg\",\"contentUrl\":\"https:\/\/allergivenligdyne.dk\/wp-content\/uploads\/2026\/02\/Helarsdyne-dun-Organic-Care-Ringsted-Dun-1.jpg\",\"width\":1500,\"height\":1500,\"caption\":\"Hel\u00e5rsdyne dun Organic Care Ringsted Dun\"},{\"@type\":\"BreadcrumbList\",\"@id\":\"https:\/\/allergivenligdyne.dk\/index.php\/product\/helarsdyne-dun-organic-care-ringsted-dun-2\/#breadcrumb\",\"itemListElement\":[{\"@type\":\"ListItem\",\"position\":1,\"name\":\"Home\",\"item\":\"https:\/\/allergivenligdyne.dk\/\"},{\"@type\":\"ListItem\",\"position\":2,\"name\":\"Shop\",\"item\":\"https:\/\/allergivenligdyne.dk\/index.php\/shop\/\"},{\"@type\":\"ListItem\",\"position\":3,\"name\":\"Hel\u00e5rsdyne dun Organic Care Ringsted Dun\"}]},{\"@type\":\"WebSite\",\"@id\":\"https:\/\/allergivenligdyne.dk\/#website\",\"url\":\"https:\/\/allergivenligdyne.dk\/\",\"name\":\"\",\"description\":\"\",\"potentialAction\":[{\"@type\":\"SearchAction\",\"target\":{\"@type\":\"EntryPoint\",\"urlTemplate\":\"https:\/\/allergivenligdyne.dk\/?s={search_term_string}\"},\"query-input\":{\"@type\":\"PropertyValueSpecification\",\"valueRequired\":true,\"valueName\":\"search_term_string\"}}],\"inLanguage\":\"en\"}]}<\/script>\n<!-- \/ Yoast SEO plugin. -->","yoast_head_json":{"title":"Hel\u00e5rsdyne dun Organic Care Ringsted Dun -","robots":{"index":"index","follow":"follow","max-snippet":"max-snippet:-1","max-image-preview":"max-image-preview:large","max-video-preview":"max-video-preview:-1"},"canonical":"https:\/\/allergivenligdyne.dk\/index.php\/product\/helarsdyne-dun-organic-care-ringsted-dun-2\/","og_locale":"en_US","og_type":"article","og_title":"Hel\u00e5rsdyne dun Organic Care Ringsted Dun -","og_description":"L\u00e6kker dyne fra Ringsted Duns Organic Care linje, der fokuserer p\u00e5 en god nattes\u00f8vn omringet af naturlige materialer og \u00f8kologisk [&hellip;]","og_url":"https:\/\/allergivenligdyne.dk\/index.php\/product\/helarsdyne-dun-organic-care-ringsted-dun-2\/","article_modified_time":"2026-04-11T00:26:59+00:00","og_image":[{"width":1500,"height":1500,"url":"https:\/\/allergivenligdyne.dk\/wp-content\/uploads\/2026\/02\/Helarsdyne-dun-Organic-Care-Ringsted-Dun-1.jpg","type":"image\/jpeg"}],"twitter_card":"summary_large_image","schema":{"@context":"https:\/\/schema.org","@graph":[{"@type":"WebPage","@id":"https:\/\/allergivenligdyne.dk\/index.php\/product\/helarsdyne-dun-organic-care-ringsted-dun-2\/","url":"https:\/\/allergivenligdyne.dk\/index.php\/product\/helarsdyne-dun-organic-care-ringsted-dun-2\/","name":"Hel\u00e5rsdyne dun Organic Care Ringsted Dun -","isPartOf":{"@id":"https:\/\/allergivenligdyne.dk\/#website"},"primaryImageOfPage":{"@id":"https:\/\/allergivenligdyne.dk\/index.php\/product\/helarsdyne-dun-organic-care-ringsted-dun-2\/#primaryimage"},"image":{"@id":"https:\/\/allergivenligdyne.dk\/index.php\/product\/helarsdyne-dun-organic-care-ringsted-dun-2\/#primaryimage"},"thumbnailUrl":"https:\/\/allergivenligdyne.dk\/wp-content\/uploads\/2026\/02\/Helarsdyne-dun-Organic-Care-Ringsted-Dun-1.jpg","datePublished":"2026-02-12T13:12:56+00:00","dateModified":"2026-04-11T00:26:59+00:00","breadcrumb":{"@id":"https:\/\/allergivenligdyne.dk\/index.php\/product\/helarsdyne-dun-organic-care-ringsted-dun-2\/#breadcrumb"},"inLanguage":"en","potentialAction":[{"@type":"ReadAction","target":["https:\/\/allergivenligdyne.dk\/index.php\/product\/helarsdyne-dun-organic-care-ringsted-dun-2\/"]}]},{"@type":"ImageObject","inLanguage":"en","@id":"https:\/\/allergivenligdyne.dk\/index.php\/product\/helarsdyne-dun-organic-care-ringsted-dun-2\/#primaryimage","url":"https:\/\/allergivenligdyne.dk\/wp-content\/uploads\/2026\/02\/Helarsdyne-dun-Organic-Care-Ringsted-Dun-1.jpg","contentUrl":"https:\/\/allergivenligdyne.dk\/wp-content\/uploads\/2026\/02\/Helarsdyne-dun-Organic-Care-Ringsted-Dun-1.jpg","width":1500,"height":1500,"caption":"Hel\u00e5rsdyne dun Organic Care Ringsted Dun"},{"@type":"BreadcrumbList","@id":"https:\/\/allergivenligdyne.dk\/index.php\/product\/helarsdyne-dun-organic-care-ringsted-dun-2\/#breadcrumb","itemListElement":[{"@type":"ListItem","position":1,"name":"Home","item":"https:\/\/allergivenligdyne.dk\/"},{"@type":"ListItem","position":2,"name":"Shop","item":"https:\/\/allergivenligdyne.dk\/index.php\/shop\/"},{"@type":"ListItem","position":3,"name":"Hel\u00e5rsdyne dun Organic Care Ringsted Dun"}]},{"@type":"WebSite","@id":"https:\/\/allergivenligdyne.dk\/#website","url":"https:\/\/allergivenligdyne.dk\/","name":"","description":"","potentialAction":[{"@type":"SearchAction","target":{"@type":"EntryPoint","urlTemplate":"https:\/\/allergivenligdyne.dk\/?s={search_term_string}"},"query-input":{"@type":"PropertyValueSpecification","valueRequired":true,"valueName":"search_term_string"}}],"inLanguage":"en"}]}},"uagb_featured_image_src":{"full":["https:\/\/allergivenligdyne.dk\/wp-content\/uploads\/2026\/02\/Helarsdyne-dun-Organic-Care-Ringsted-Dun-1.jpg",1500,1500,false],"thumbnail":["https:\/\/allergivenligdyne.dk\/wp-content\/uploads\/2026\/02\/Helarsdyne-dun-Organic-Care-Ringsted-Dun-1-150x150.jpg",150,150,true],"medium":["https:\/\/allergivenligdyne.dk\/wp-content\/uploads\/2026\/02\/Helarsdyne-dun-Organic-Care-Ringsted-Dun-1-300x300.jpg",300,300,true],"medium_large":["https:\/\/allergivenligdyne.dk\/wp-content\/uploads\/2026\/02\/Helarsdyne-dun-Organic-Care-Ringsted-Dun-1-768x768.jpg",768,768,true],"large":["https:\/\/allergivenligdyne.dk\/wp-content\/uploads\/2026\/02\/Helarsdyne-dun-Organic-Care-Ringsted-Dun-1-1024x1024.jpg",1024,1024,true],"1536x1536":["https:\/\/allergivenligdyne.dk\/wp-content\/uploads\/2026\/02\/Helarsdyne-dun-Organic-Care-Ringsted-Dun-1.jpg",1500,1500,false],"2048x2048":["https:\/\/allergivenligdyne.dk\/wp-content\/uploads\/2026\/02\/Helarsdyne-dun-Organic-Care-Ringsted-Dun-1.jpg",1500,1500,false],"woocommerce_thumbnail":["https:\/\/allergivenligdyne.dk\/wp-content\/uploads\/2026\/02\/Helarsdyne-dun-Organic-Care-Ringsted-Dun-1-300x300.jpg",300,300,true],"woocommerce_single":["https:\/\/allergivenligdyne.dk\/wp-content\/uploads\/2026\/02\/Helarsdyne-dun-Organic-Care-Ringsted-Dun-1-600x600.jpg",600,600,true],"woocommerce_gallery_thumbnail":["https:\/\/allergivenligdyne.dk\/wp-content\/uploads\/2026\/02\/Helarsdyne-dun-Organic-Care-Ringsted-Dun-1-100x100.jpg",100,100,true]},"uagb_author_info":{"display_name":"","author_link":"https:\/\/allergivenligdyne.dk\/index.php\/author\/"},"uagb_comment_info":0,"uagb_excerpt":"L\u00e6kker dyne fra Ringsted Duns Organic Care linje, der fokuserer p\u00e5 en god nattes\u00f8vn omringet af naturlige materialer og \u00f8kologisk [&hellip;]","_links":{"self":[{"href":"https:\/\/allergivenligdyne.dk\/index.php\/wp-json\/wp\/v2\/product\/185","targetHints":{"allow":["GET"]}}],"collection":[{"href":"https:\/\/allergivenligdyne.dk\/index.php\/wp-json\/wp\/v2\/product"}],"about":[{"href":"https:\/\/allergivenligdyne.dk\/index.php\/wp-json\/wp\/v2\/types\/product"}],"replies":[{"embeddable":true,"href":"https:\/\/allergivenligdyne.dk\/index.php\/wp-json\/wp\/v2\/comments?post=185"}],"wp:featuredmedia":[{"embeddable":true,"href":"https:\/\/allergivenligdyne.dk\/index.php\/wp-json\/wp\/v2\/media\/187"}],"wp:attachment":[{"href":"https:\/\/allergivenligdyne.dk\/index.php\/wp-json\/wp\/v2\/media?parent=185"}],"wp:term":[{"taxonomy":"product_brand","embeddable":true,"href":"https:\/\/allergivenligdyne.dk\/index.php\/wp-json\/wp\/v2\/product_brand?post=185"},{"taxonomy":"product_cat","embeddable":true,"href":"https:\/\/allergivenligdyne.dk\/index.php\/wp-json\/wp\/v2\/product_cat?post=185"},{"taxonomy":"product_tag","embeddable":true,"href":"https:\/\/allergivenligdyne.dk\/index.php\/wp-json\/wp\/v2\/product_tag?post=185"}],"curies":[{"name":"wp","href":"https:\/\/api.w.org\/{rel}","templated":true}]}}